{"id":548,"date":"2023-05-18T08:57:46","date_gmt":"2023-05-18T08:57:46","guid":{"rendered":"https:\/\/unitedtotravel.com\/?page_id=548"},"modified":"2023-08-02T18:39:37","modified_gmt":"2023-08-02T18:39:37","slug":"impressum","status":"publish","type":"page","link":"https:\/\/unitedtotravel.com\/?page_id=548","title":{"rendered":"Impressum"},"content":{"rendered":"\n<p class=\"has-text-align-center\"><br>United to Travel OG<br>Reiseveranstalter<br>FN 604489f<br>FB-Gericht: Linz<br>Sitz: 4154 Kollerschlag<\/p>\n\n\n\n<p class=\"has-text-align-center\">Andreas Fuchs<br>Mollmannsreith 55, A-4154 Kollerschlag<br>+43&nbsp;676 7581581<br><a rel=\"noreferrer noopener\" href=\"mailto:office@unitedtotravel.com\" target=\"_blank\">office@unitedtotravel.com<\/a><\/p>\n\n\n\n<p class=\"has-text-align-center\">Mitglied der WK\u00d6, WKO\u00d6, Sparte Reiseb\u00fcro<br>Berufsrecht:&nbsp;<a rel=\"noreferrer noopener\" href=\"https:\/\/www.ris.bka.gv.at\/GeltendeFassung.wxe?Abfrage=Bundesnormen&amp;Gesetzesnummer=10007517\" target=\"_blank\">RIS &#8211; Gewerbeordnung 1994 &#8211; Bundesrecht konsolidiert, Fassung vom 18.05.2023 (bka.gv.at)<\/a><br>Bezirkshauptmannschaft Rohrbach<br>Reiseveranstalter<\/p>\n\n\n\n<p class=\"has-text-align-center\">Verbraucher haben die M\u00f6glichkeit, Beschwerden an die Online-Streitbeilegungsplattform der EU zu richten:\u00a0<a rel=\"noreferrer noopener\" href=\"http:\/\/ec.europa.eu\/odr\" target=\"_blank\">http:\/\/ec.europa.eu\/odr<\/a>.<br>Sie k\u00f6nnen allf\u00e4llige Beschwerde auch an die oben angegebene E-Mail-Adresse richten.<\/p>\n\n\n\n<p><\/p>\n\n\n\n<p class=\"has-text-align-center\"><strong>All unseren Angeboten liegen folgende Allgemeine Reisebedingungen zu Grunde: <\/strong><\/p>\n\n\n\n<div data-wp-interactive=\"core\/file\" class=\"wp-block-file aligncenter\"><object data-wp-bind--hidden=\"!state.hasPdfPreview\" hidden class=\"wp-block-file__embed\" data=\"https:\/\/unitedtotravel.com\/wp-content\/uploads\/2023\/08\/ARB_UTT-1.pdf\" type=\"application\/pdf\" style=\"width:100%;height:600px\" aria-label=\"Einbettung von ARB_UTT-1.\"><\/object><a id=\"wp-block-file--media-8a92f273-1cc5-4c9b-b9e9-bedda08b556c\" href=\"https:\/\/unitedtotravel.com\/wp-content\/uploads\/2023\/08\/ARB_UTT-1.pdf\">ARB_UTT-1<\/a><a href=\"https:\/\/unitedtotravel.com\/wp-content\/uploads\/2023\/08\/ARB_UTT-1.pdf\" class=\"wp-block-file__button wp-element-button\" download aria-describedby=\"wp-block-file--media-8a92f273-1cc5-4c9b-b9e9-bedda08b556c\">Herunterladen<\/a><\/div>\n\n\n\n<div style=\"height:100px\" aria-hidden=\"true\" class=\"wp-block-spacer\"><\/div>\n","protected":false},"excerpt":{"rendered":"<p>United to Travel OGReiseveranstalterFN 604489fFB-Gericht: LinzSitz: 4154 Kollerschlag Andreas FuchsMollmannsreith 55, A-4154 Kollerschlag+43&nbsp;676 7581581office@unitedtotravel.com Mitglied der WK\u00d6, WKO\u00d6, Sparte Reiseb\u00fcroBerufsrecht:&nbsp;RIS &#8211; Gewerbeordnung 1994 &#8211; Bundesrecht konsolidiert, Fassung vom 18.05.2023 (bka.gv.at)Bezirkshauptmannschaft RohrbachReiseveranstalter Verbraucher haben die M\u00f6glichkeit, Beschwerden an die Online-Streitbeilegungsplattform der EU zu richten:\u00a0http:\/\/ec.europa.eu\/odr.Sie k\u00f6nnen allf\u00e4llige Beschwerde auch an die oben angegebene E-Mail-Adresse richten. All unseren&hellip;&nbsp;<a href=\"https:\/\/unitedtotravel.com\/?page_id=548\" rel=\"bookmark\">Weiterlesen &raquo;<span class=\"screen-reader-text\">Impressum<\/span><\/a><\/p>\n","protected":false},"author":1,"featured_media":0,"parent":0,"menu_order":0,"comment_status":"closed","ping_status":"closed","template":"","meta":{"om_disable_all_campaigns":false,"_monsterinsights_skip_tracking":false,"_monsterinsights_sitenote_active":false,"_monsterinsights_sitenote_note":"","_monsterinsights_sitenote_category":0,"_uf_show_specific_survey":0,"_uf_disable_surveys":false,"neve_meta_sidebar":"","neve_meta_container":"","neve_meta_enable_content_width":"","neve_meta_content_width":0,"neve_meta_title_alignment":"","neve_meta_author_avatar":"","neve_post_elements_order":"","neve_meta_disable_header":"","neve_meta_disable_footer":"","neve_meta_disable_title":"","footnotes":""},"class_list":["post-548","page","type-page","status-publish","hentry"],"aioseo_notices":[],"_links":{"self":[{"href":"https:\/\/unitedtotravel.com\/index.php?rest_route=\/wp\/v2\/pages\/548","targetHints":{"allow":["GET"]}}],"collection":[{"href":"https:\/\/unitedtotravel.com\/index.php?rest_route=\/wp\/v2\/pages"}],"about":[{"href":"https:\/\/unitedtotravel.com\/index.php?rest_route=\/wp\/v2\/types\/page"}],"author":[{"embeddable":true,"href":"https:\/\/unitedtotravel.com\/index.php?rest_route=\/wp\/v2\/users\/1"}],"replies":[{"embeddable":true,"href":"https:\/\/unitedtotravel.com\/index.php?rest_route=%2Fwp%2Fv2%2Fcomments&post=548"}],"version-history":[{"count":5,"href":"https:\/\/unitedtotravel.com\/index.php?rest_route=\/wp\/v2\/pages\/548\/revisions"}],"predecessor-version":[{"id":909,"href":"https:\/\/unitedtotravel.com\/index.php?rest_route=\/wp\/v2\/pages\/548\/revisions\/909"}],"wp:attachment":[{"href":"https:\/\/unitedtotravel.com\/index.php?rest_route=%2Fwp%2Fv2%2Fmedia&parent=548"}],"curies":[{"name":"wp","href":"https:\/\/api.w.org\/{rel}","templated":true}]}}