{"id":1232,"date":"2024-02-25T09:30:55","date_gmt":"2024-02-25T09:30:55","guid":{"rendered":"https:\/\/unitedtotravel.com\/?page_id=1232"},"modified":"2026-03-04T20:19:44","modified_gmt":"2026-03-04T20:19:44","slug":"impressionen","status":"publish","type":"page","link":"https:\/\/unitedtotravel.com\/?page_id=1232","title":{"rendered":"BILDERGALERIE"},"content":{"rendered":"\n<h1>\n\t\t\tBildergalerie\t<\/h1>\n\t<p>Hier noch einige Eindr\u00fccke von unseren Fu\u00dfball-Trips zu Manchester United. Selbst nach unz\u00e4hligen Besuchen im Old Trafford steigt die Vorfreude jedes Mal auf Neue, sobald man in den Flieger steigt.<\/p>\n<p>Sei auch dabei und erlebt die mitrei\u00dfende Stimmung im Theatre of Dreams und das Drumherum mit United to Travel.<\/p>\n<h2>\n\t\t\t United to Travel: Ein MUSS f\u00fcr jeden Fu\u00dfballfan!\t<\/h2>\n<figure data-animation-delay=\"0\" data-animation-duration=\"1\" itemscope itemtype=\"https:\/\/schema.org\/ImageObject\">\n\t\t\t\t<img decoding=\"async\" src=\"https:\/\/unitedtotravel.com\/wp-content\/uploads\/2024\/02\/IMG-20231226-WA0005.jpg\" alt=\"United to Travel - Fu\u00dfballreisen zu Manchester United - Reiseleiter - Pubtour \" height=\"1200\" width=\"1600\" title=\"Fu\u00dfballreisen zu Manchester United - Reiseleiter - United to Travel\" onerror=\"this.style.display='none'\" loading=\"lazy\" \/>\n\t<\/figure>\n<figure data-animation-delay=\"0\" data-animation-duration=\"1\" itemscope itemtype=\"https:\/\/schema.org\/ImageObject\">\n\t\t\t\t<img decoding=\"async\" src=\"https:\/\/unitedtotravel.com\/wp-content\/uploads\/2024\/11\/7.jpg\" alt=\"7\" height=\"1536\" width=\"2048\" title=\"7\" onerror=\"this.style.display='none'\" loading=\"lazy\" \/>\n\t<\/figure>\n<figure data-animation-delay=\"0\" data-animation-duration=\"1\" itemscope itemtype=\"https:\/\/schema.org\/ImageObject\">\n\t\t\t\t<img decoding=\"async\" src=\"https:\/\/unitedtotravel.com\/wp-content\/uploads\/2024\/02\/IMG-20230930-WA0004.jpg\" alt=\"IMG-20230930-WA0004\" height=\"1536\" width=\"2048\" title=\"IMG-20230930-WA0004\" onerror=\"this.style.display='none'\" loading=\"lazy\" \/>\n\t<\/figure>\n<figure data-animation-delay=\"0\" data-animation-duration=\"1\" itemscope itemtype=\"https:\/\/schema.org\/ImageObject\">\n\t\t\t\t<img decoding=\"async\" src=\"https:\/\/unitedtotravel.com\/wp-content\/uploads\/2024\/11\/802ad6c1-b626-4f5d-80cd-a686fa0bd682.jpg\" alt=\"802ad6c1-b626-4f5d-80cd-a686fa0bd682\" height=\"2048\" width=\"1536\" title=\"802ad6c1-b626-4f5d-80cd-a686fa0bd682\" onerror=\"this.style.display='none'\" loading=\"lazy\" \/>\n\t<\/figure>\n<figure data-animation-delay=\"0\" data-animation-duration=\"1\" itemscope itemtype=\"https:\/\/schema.org\/ImageObject\">\n\t\t\t\t<img decoding=\"async\" src=\"https:\/\/unitedtotravel.com\/wp-content\/uploads\/2024\/02\/IMG-20240224-WA0011.jpg\" alt=\"IMG-20240224-WA0011\" height=\"1222\" width=\"1600\" title=\"IMG-20240224-WA0011\" onerror=\"this.style.display='none'\" loading=\"lazy\" \/>\n\t<\/figure>\n<figure data-animation-delay=\"0\" data-animation-duration=\"1\" itemscope itemtype=\"https:\/\/schema.org\/ImageObject\">\n\t\t\t\t<img decoding=\"async\" src=\"https:\/\/unitedtotravel.com\/wp-content\/uploads\/2024\/11\/14.jpg\" alt=\"14\" height=\"2048\" width=\"1536\" title=\"14\" onerror=\"this.style.display='none'\" loading=\"lazy\" \/>\n\t<\/figure>\n<figure data-animation-delay=\"0\" data-animation-duration=\"1\" itemscope itemtype=\"https:\/\/schema.org\/ImageObject\">\n\t\t\t\t<img decoding=\"async\" src=\"https:\/\/unitedtotravel.com\/wp-content\/uploads\/2025\/03\/fc229c07-a7f8-478b-89d3-3a09ac44b3c4.jpg\" alt=\"fc229c07-a7f8-478b-89d3-3a09ac44b3c4\" height=\"1536\" width=\"2048\" title=\"fc229c07-a7f8-478b-89d3-3a09ac44b3c4\" onerror=\"this.style.display='none'\" loading=\"lazy\" \/>\n\t<\/figure>\n<figure data-animation-delay=\"0\" data-animation-duration=\"1\" itemscope itemtype=\"https:\/\/schema.org\/ImageObject\">\n\t\t\t\t<img decoding=\"async\" src=\"https:\/\/unitedtotravel.com\/wp-content\/uploads\/2024\/11\/a00e3895-2d60-4080-8ceb-4504b8f3a3f2.jpg\" alt=\"a00e3895-2d60-4080-8ceb-4504b8f3a3f2\" height=\"2048\" width=\"1536\" title=\"a00e3895-2d60-4080-8ceb-4504b8f3a3f2\" onerror=\"this.style.display='none'\" loading=\"lazy\" \/>\n\t<\/figure>\n<figure data-animation-delay=\"0\" data-animation-duration=\"1\" itemscope itemtype=\"https:\/\/schema.org\/ImageObject\">\n\t\t\t\t<img decoding=\"async\" src=\"https:\/\/unitedtotravel.com\/wp-content\/uploads\/2024\/12\/Old-Trafford-Business.jpg\" alt=\"Old Trafford Business\" height=\"1200\" width=\"1600\" title=\"Old Trafford Business\" onerror=\"this.style.display='none'\" loading=\"lazy\" \/>\n\t<\/figure>\n<figure data-animation-delay=\"0\" data-animation-duration=\"1\" itemscope itemtype=\"https:\/\/schema.org\/ImageObject\">\n\t\t\t\t<img decoding=\"async\" src=\"https:\/\/unitedtotravel.com\/wp-content\/uploads\/2025\/02\/Reise-vs-Palace.jpg\" alt=\"Reise vs Palace\" height=\"1536\" width=\"2048\" title=\"Reise vs Palace\" onerror=\"this.style.display='none'\" loading=\"lazy\" \/>\n\t<\/figure>\n<figure data-animation-delay=\"0\" data-animation-duration=\"1\" itemscope itemtype=\"https:\/\/schema.org\/ImageObject\">\n\t\t\t\t<img decoding=\"async\" src=\"https:\/\/unitedtotravel.com\/wp-content\/uploads\/2025\/04\/Old-Trafford.jpeg\" alt=\"Old Trafford\" height=\"1536\" width=\"2048\" title=\"Old Trafford\" onerror=\"this.style.display='none'\" loading=\"lazy\" \/>\n\t<\/figure>\n<figure data-animation-delay=\"0\" data-animation-duration=\"1\" itemscope itemtype=\"https:\/\/schema.org\/ImageObject\">\n\t\t\t\t<img decoding=\"async\" src=\"https:\/\/unitedtotravel.com\/wp-content\/uploads\/2025\/03\/Pubtour-gegen-Arsenal.jpeg\" alt=\"Pubtour gegen Arsenal\" height=\"1536\" width=\"2048\" title=\"Pubtour gegen Arsenal\" onerror=\"this.style.display='none'\" loading=\"lazy\" \/>\n\t<\/figure>\n<figure data-animation-delay=\"0\" data-animation-duration=\"1\" itemscope itemtype=\"https:\/\/schema.org\/ImageObject\">\n\t\t\t\t<img decoding=\"async\" src=\"https:\/\/unitedtotravel.com\/wp-content\/uploads\/2025\/12\/Old-Trafford_ManchestervsBournemouth.jpeg\" alt=\"Old Trafford_ManchestervsBournemouth\" height=\"1200\" width=\"1600\" title=\"Old Trafford_ManchestervsBournemouth\" onerror=\"this.style.display='none'\" loading=\"lazy\" \/>\n\t<\/figure>\n<figure data-animation-delay=\"0\" data-animation-duration=\"1\" itemscope itemtype=\"https:\/\/schema.org\/ImageObject\">\n\t\t\t\t<img decoding=\"async\" src=\"https:\/\/unitedtotravel.com\/wp-content\/uploads\/2024\/02\/IMG-20240114-WA0004.jpg\" alt=\"IMG-20240114-WA0004\" height=\"1536\" width=\"2048\" title=\"IMG-20240114-WA0004\" onerror=\"this.style.display='none'\" loading=\"lazy\" \/>\n\t<\/figure>\n<figure data-animation-delay=\"0\" data-animation-duration=\"1\" itemscope itemtype=\"https:\/\/schema.org\/ImageObject\">\n\t\t\t\t<img decoding=\"async\" src=\"https:\/\/unitedtotravel.com\/wp-content\/uploads\/2026\/03\/d6b7fcfb-d6e1-4179-b2c4-281186eb8467.jpg\" alt=\"d6b7fcfb-d6e1-4179-b2c4-281186eb8467\" height=\"1536\" width=\"2048\" title=\"d6b7fcfb-d6e1-4179-b2c4-281186eb8467\" onerror=\"this.style.display='none'\" loading=\"lazy\" \/>\n\t<\/figure>\n<figure data-animation-delay=\"0\" data-animation-duration=\"1\" itemscope itemtype=\"https:\/\/schema.org\/ImageObject\">\n\t\t\t\t<img decoding=\"async\" src=\"https:\/\/unitedtotravel.com\/wp-content\/uploads\/2024\/02\/thumbnail_image0.jpg\" alt=\"United to Travel - Fu\u00dfballreisen zu Manchester United - Reiseleiter - Champions League Gruppenspiel - vs Bayern M\u00fcnchen\" height=\"960\" width=\"1280\" title=\"Fu\u00dfballreisen zu Manchester United - United to Travel - Heimspiel - Old Trafford - Champions League - Bayern\" onerror=\"this.style.display='none'\" loading=\"lazy\" \/>\n\t<\/figure>\n<figure data-animation-delay=\"0\" data-animation-duration=\"1\" itemscope itemtype=\"https:\/\/schema.org\/ImageObject\">\n\t\t\t\t<img decoding=\"async\" src=\"https:\/\/unitedtotravel.com\/wp-content\/uploads\/2024\/02\/20231002_151031000_iOS.jpg\" alt=\"United to Travel - Fu\u00dfballreisen zu Manchester United - Reiseleiter - Stadionf\u00fchrung\" height=\"2048\" width=\"1536\" title=\"Fu\u00dfballreisen zu Manchester United - United to Travel - Heimspiel - Old Trafford - Stadionf\u00fchrung\" onerror=\"this.style.display='none'\" loading=\"lazy\" \/>\n\t<\/figure>\n<figure data-animation-delay=\"0\" data-animation-duration=\"1\" itemscope itemtype=\"https:\/\/schema.org\/ImageObject\">\n\t\t\t\t<img decoding=\"async\" src=\"https:\/\/unitedtotravel.com\/wp-content\/uploads\/2024\/02\/IMG-20240224-WA0012.jpg\" alt=\"IMG-20240224-WA0012\" height=\"2048\" width=\"1536\" title=\"IMG-20240224-WA0012\" onerror=\"this.style.display='none'\" loading=\"lazy\" \/>\n\t<\/figure>\n<figure data-animation-delay=\"0\" data-animation-duration=\"1\" itemscope itemtype=\"https:\/\/schema.org\/ImageObject\">\n\t\t\t\t<img decoding=\"async\" src=\"https:\/\/unitedtotravel.com\/wp-content\/uploads\/2024\/03\/UnitedvsEverton.jpeg\" alt=\"UnitedvsEverton\" height=\"1536\" width=\"2048\" title=\"UnitedvsEverton\" onerror=\"this.style.display='none'\" loading=\"lazy\" \/>\n\t<\/figure>\n<figure data-animation-delay=\"0\" data-animation-duration=\"1\" itemscope itemtype=\"https:\/\/schema.org\/ImageObject\">\n\t\t\t\t<img decoding=\"async\" src=\"https:\/\/unitedtotravel.com\/wp-content\/uploads\/2025\/01\/3b77816e-06f6-4319-8b16-5fb78be9c040.jpg\" alt=\"3b77816e-06f6-4319-8b16-5fb78be9c040\" height=\"1200\" width=\"1600\" title=\"3b77816e-06f6-4319-8b16-5fb78be9c040\" onerror=\"this.style.display='none'\" loading=\"lazy\" \/>\n\t<\/figure>\n<figure data-animation-delay=\"0\" data-animation-duration=\"1\" itemscope itemtype=\"https:\/\/schema.org\/ImageObject\">\n\t\t\t\t<img decoding=\"async\" src=\"https:\/\/unitedtotravel.com\/wp-content\/uploads\/2024\/11\/5f45cf2b-fc0d-4446-8927-574bcd0e4f27.jpg\" alt=\"5f45cf2b-fc0d-4446-8927-574bcd0e4f27\" height=\"2048\" width=\"1536\" title=\"5f45cf2b-fc0d-4446-8927-574bcd0e4f27\" onerror=\"this.style.display='none'\" loading=\"lazy\" \/>\n\t<\/figure>\n<figure data-animation-delay=\"0\" data-animation-duration=\"1\" itemscope itemtype=\"https:\/\/schema.org\/ImageObject\">\n\t\t\t\t<img decoding=\"async\" src=\"https:\/\/unitedtotravel.com\/wp-content\/uploads\/2024\/12\/Beerhouse-Manchester.jpg\" alt=\"Beerhouse Manchester\" height=\"2048\" width=\"1536\" title=\"Beerhouse Manchester\" onerror=\"this.style.display='none'\" loading=\"lazy\" \/>\n\t<\/figure>\n<figure data-animation-delay=\"0\" data-animation-duration=\"1\" itemscope itemtype=\"https:\/\/schema.org\/ImageObject\">\n\t\t\t\t<img decoding=\"async\" src=\"https:\/\/unitedtotravel.com\/wp-content\/uploads\/2025\/02\/Pubtour-Manchester.jpg\" alt=\"Pubtour Manchester\" height=\"2048\" width=\"1536\" title=\"Pubtour Manchester\" onerror=\"this.style.display='none'\" loading=\"lazy\" \/>\n\t<\/figure>\n<figure data-animation-delay=\"0\" data-animation-duration=\"1\" itemscope itemtype=\"https:\/\/schema.org\/ImageObject\">\n\t\t\t\t<img decoding=\"async\" src=\"https:\/\/unitedtotravel.com\/wp-content\/uploads\/2026\/03\/eb5af82a-f168-45f3-be9d-850763b5347c.jpg\" alt=\"eb5af82a-f168-45f3-be9d-850763b5347c\" height=\"1536\" width=\"2048\" title=\"eb5af82a-f168-45f3-be9d-850763b5347c\" onerror=\"this.style.display='none'\" loading=\"lazy\" \/>\n\t<\/figure>\n<figure data-animation-delay=\"0\" data-animation-duration=\"1\" itemscope itemtype=\"https:\/\/schema.org\/ImageObject\">\n\t\t\t\t<img decoding=\"async\" src=\"https:\/\/unitedtotravel.com\/wp-content\/uploads\/2025\/03\/Pubtour-Manchester-vs-Arsenal.jpeg\" alt=\"Pubtour Manchester vs Arsenal\" height=\"1200\" width=\"1600\" title=\"Pubtour Manchester vs Arsenal\" onerror=\"this.style.display='none'\" loading=\"lazy\" \/>\n\t<\/figure>\n<figure data-animation-delay=\"0\" data-animation-duration=\"1\" itemscope itemtype=\"https:\/\/schema.org\/ImageObject\">\n\t\t\t\t<img decoding=\"async\" src=\"https:\/\/unitedtotravel.com\/wp-content\/uploads\/2025\/12\/PubManchester.jpeg\" alt=\"PubManchester\" height=\"900\" width=\"1600\" title=\"PubManchester\" onerror=\"this.style.display='none'\" loading=\"lazy\" \/>\n\t<\/figure>\n<figure data-animation-delay=\"0\" data-animation-duration=\"1\" itemscope itemtype=\"https:\/\/schema.org\/ImageObject\">\n\t\t\t\t<img decoding=\"async\" src=\"https:\/\/unitedtotravel.com\/wp-content\/uploads\/2024\/02\/IMG-20230826-WA0030.jpg\" alt=\"IMG-20230826-WA0030\" height=\"1536\" width=\"2048\" title=\"IMG-20230826-WA0030\" onerror=\"this.style.display='none'\" loading=\"lazy\" \/>\n\t<\/figure>\n<figure data-animation-delay=\"0\" data-animation-duration=\"1\" itemscope itemtype=\"https:\/\/schema.org\/ImageObject\">\n\t\t\t\t<img decoding=\"async\" src=\"https:\/\/unitedtotravel.com\/wp-content\/uploads\/2024\/11\/13.jpg\" alt=\"13\" height=\"2048\" width=\"2048\" title=\"13\" onerror=\"this.style.display='none'\" loading=\"lazy\" \/>\n\t<\/figure>\n<figure data-animation-delay=\"0\" data-animation-duration=\"1\" itemscope itemtype=\"https:\/\/schema.org\/ImageObject\">\n\t\t\t\t<img decoding=\"async\" src=\"https:\/\/unitedtotravel.com\/wp-content\/uploads\/2025\/01\/af8bd224-ca10-4c43-94aa-508b434f5ba3.jpg\" alt=\"af8bd224-ca10-4c43-94aa-508b434f5ba3\" height=\"2048\" width=\"1536\" title=\"af8bd224-ca10-4c43-94aa-508b434f5ba3\" onerror=\"this.style.display='none'\" loading=\"lazy\" \/>\n\t<\/figure>\n<figure data-animation-delay=\"0\" data-animation-duration=\"1\" itemscope itemtype=\"https:\/\/schema.org\/ImageObject\">\n\t\t\t\t<img decoding=\"async\" src=\"https:\/\/unitedtotravel.com\/wp-content\/uploads\/2024\/02\/GruppenfotoWolves-1.jpeg\" alt=\"United to Travel - Fu\u00dfballreisen zu Manchester United - Reiseleiter - Sightseeing \" height=\"2048\" width=\"1154\" title=\"Fu\u00dfballreisen zu Manchester United - United to Travel - Heimspiel - Old Trafford - gegen Wolverhampton\" onerror=\"this.style.display='none'\" loading=\"lazy\" \/>\n\t<\/figure>\n<figure data-animation-delay=\"0\" data-animation-duration=\"1\" itemscope itemtype=\"https:\/\/schema.org\/ImageObject\">\n\t\t\t\t<img decoding=\"async\" src=\"https:\/\/unitedtotravel.com\/wp-content\/uploads\/2024\/03\/Everton-4.png\" alt=\"Everton (4)\" height=\"1080\" width=\"1080\" title=\"Everton (4)\" onerror=\"this.style.display='none'\" loading=\"lazy\" \/>\n\t<\/figure>\n<figure data-animation-delay=\"0\" data-animation-duration=\"1\" itemscope itemtype=\"https:\/\/schema.org\/ImageObject\">\n\t\t\t\t<img decoding=\"async\" src=\"https:\/\/unitedtotravel.com\/wp-content\/uploads\/2024\/03\/IMG-20240115-WA0004.jpg\" alt=\"IMG-20240115-WA0004\" height=\"768\" width=\"1024\" title=\"IMG-20240115-WA0004\" onerror=\"this.style.display='none'\" loading=\"lazy\" \/>\n\t<\/figure>\n<figure data-animation-delay=\"0\" data-animation-duration=\"1\" itemscope itemtype=\"https:\/\/schema.org\/ImageObject\">\n\t\t\t\t<img decoding=\"async\" src=\"https:\/\/unitedtotravel.com\/wp-content\/uploads\/2024\/04\/Pubtour-Man-Liv-scaled.jpg\" alt=\"Pubtour Man-Liv\" height=\"2560\" width=\"2478\" title=\"Pubtour Man-Liv\" onerror=\"this.style.display='none'\" loading=\"lazy\" \/>\n\t<\/figure>\n<figure data-animation-delay=\"0\" data-animation-duration=\"1\" itemscope itemtype=\"https:\/\/schema.org\/ImageObject\">\n\t\t\t\t<img decoding=\"async\" src=\"https:\/\/unitedtotravel.com\/wp-content\/uploads\/2024\/11\/12.jpg\" alt=\"12\" height=\"2048\" width=\"1536\" title=\"12\" onerror=\"this.style.display='none'\" loading=\"lazy\" \/>\n\t<\/figure>\n<figure data-animation-delay=\"0\" data-animation-duration=\"1\" itemscope itemtype=\"https:\/\/schema.org\/ImageObject\">\n\t\t\t\t<img decoding=\"async\" src=\"https:\/\/unitedtotravel.com\/wp-content\/uploads\/2025\/02\/b8b35455-4f12-46a5-9a6e-39a4b3e4735d.jpg\" alt=\"b8b35455-4f12-46a5-9a6e-39a4b3e4735d\" height=\"1200\" width=\"1600\" title=\"b8b35455-4f12-46a5-9a6e-39a4b3e4735d\" onerror=\"this.style.display='none'\" loading=\"lazy\" \/>\n\t<\/figure>\n<figure data-animation-delay=\"0\" data-animation-duration=\"1\" itemscope itemtype=\"https:\/\/schema.org\/ImageObject\">\n\t\t\t\t<img decoding=\"async\" src=\"https:\/\/unitedtotravel.com\/wp-content\/uploads\/2026\/03\/07b05e83-ede7-40af-b55f-c636ff64a3f9.jpg\" alt=\"07b05e83-ede7-40af-b55f-c636ff64a3f9\" height=\"2048\" width=\"1536\" title=\"07b05e83-ede7-40af-b55f-c636ff64a3f9\" onerror=\"this.style.display='none'\" loading=\"lazy\" \/>\n\t<\/figure>\n<figure data-animation-delay=\"0\" data-animation-duration=\"1\" itemscope itemtype=\"https:\/\/schema.org\/ImageObject\">\n\t\t\t\t<img decoding=\"async\" src=\"https:\/\/unitedtotravel.com\/wp-content\/uploads\/2025\/03\/IMG_5158-scaled.jpg\" alt=\"IMG_5158\" height=\"1920\" width=\"2560\" title=\"IMG_5158\" onerror=\"this.style.display='none'\" loading=\"lazy\" \/>\n\t<\/figure>\n<figure data-animation-delay=\"0\" data-animation-duration=\"1\" itemscope itemtype=\"https:\/\/schema.org\/ImageObject\">\n\t\t\t\t<img decoding=\"async\" src=\"https:\/\/unitedtotravel.com\/wp-content\/uploads\/2025\/03\/0681ea5f-38d2-4d58-b8da-5cb0d112b439.jpg\" alt=\"0681ea5f-38d2-4d58-b8da-5cb0d112b439\" height=\"1536\" width=\"2048\" title=\"0681ea5f-38d2-4d58-b8da-5cb0d112b439\" onerror=\"this.style.display='none'\" loading=\"lazy\" \/>\n\t<\/figure>\n<figure data-animation-delay=\"0\" data-animation-duration=\"1\" itemscope itemtype=\"https:\/\/schema.org\/ImageObject\">\n\t\t\t\t<img decoding=\"async\" src=\"https:\/\/unitedtotravel.com\/wp-content\/uploads\/2026\/03\/9d3a3378-7c86-435d-8aa8-159ad2c3ac6a.jpg\" alt=\"9d3a3378-7c86-435d-8aa8-159ad2c3ac6a\" height=\"1536\" width=\"2048\" title=\"9d3a3378-7c86-435d-8aa8-159ad2c3ac6a\" onerror=\"this.style.display='none'\" loading=\"lazy\" \/>\n\t<\/figure>\n\n","protected":false},"excerpt":{"rendered":"<p>Bildergalerie Hier noch einige Eindr\u00fccke von unseren Fu\u00dfball-Trips zu Manchester United. Selbst nach unz\u00e4hligen Besuchen im Old Trafford steigt die Vorfreude jedes Mal auf Neue, sobald man in den Flieger steigt. Sei auch dabei und erlebt die mitrei\u00dfende Stimmung im Theatre of Dreams und das Drumherum mit United to Travel. United to Travel: Ein MUSS&hellip;&nbsp;<a href=\"https:\/\/unitedtotravel.com\/?page_id=1232\" rel=\"bookmark\">Weiterlesen &raquo;<span class=\"screen-reader-text\">BILDERGALERIE<\/span><\/a><\/p>\n","protected":false},"author":1,"featured_media":0,"parent":0,"menu_order":0,"comment_status":"closed","ping_status":"closed","template":"","meta":{"om_disable_all_campaigns":false,"_monsterinsights_skip_tracking":false,"_monsterinsights_sitenote_active":false,"_monsterinsights_sitenote_note":"","_monsterinsights_sitenote_category":0,"_uf_show_specific_survey":0,"_uf_disable_surveys":false,"neve_meta_sidebar":"","neve_meta_container":"","neve_meta_enable_content_width":"","neve_meta_content_width":0,"neve_meta_title_alignment":"","neve_meta_author_avatar":"","neve_post_elements_order":"","neve_meta_disable_header":"","neve_meta_disable_footer":"","neve_meta_disable_title":"","footnotes":""},"class_list":["post-1232","page","type-page","status-publish","hentry"],"aioseo_notices":[],"_links":{"self":[{"href":"https:\/\/unitedtotravel.com\/index.php?rest_route=\/wp\/v2\/pages\/1232","targetHints":{"allow":["GET"]}}],"collection":[{"href":"https:\/\/unitedtotravel.com\/index.php?rest_route=\/wp\/v2\/pages"}],"about":[{"href":"https:\/\/unitedtotravel.com\/index.php?rest_route=\/wp\/v2\/types\/page"}],"author":[{"embeddable":true,"href":"https:\/\/unitedtotravel.com\/index.php?rest_route=\/wp\/v2\/users\/1"}],"replies":[{"embeddable":true,"href":"https:\/\/unitedtotravel.com\/index.php?rest_route=%2Fwp%2Fv2%2Fcomments&post=1232"}],"version-history":[{"count":11,"href":"https:\/\/unitedtotravel.com\/index.php?rest_route=\/wp\/v2\/pages\/1232\/revisions"}],"predecessor-version":[{"id":2122,"href":"https:\/\/unitedtotravel.com\/index.php?rest_route=\/wp\/v2\/pages\/1232\/revisions\/2122"}],"wp:attachment":[{"href":"https:\/\/unitedtotravel.com\/index.php?rest_route=%2Fwp%2Fv2%2Fmedia&parent=1232"}],"curies":[{"name":"wp","href":"https:\/\/api.w.org\/{rel}","templated":true}]}}