{"id":1178,"date":"2024-02-25T08:25:34","date_gmt":"2024-02-25T08:25:34","guid":{"rendered":"https:\/\/unitedtotravel.com\/?page_id=1178"},"modified":"2026-03-29T17:15:33","modified_gmt":"2026-03-29T17:15:33","slug":"angebote-2","status":"publish","type":"page","link":"https:\/\/unitedtotravel.com\/?page_id=1178","title":{"rendered":"ANGEBOTE"},"content":{"rendered":"\n<h1>\n\t\t\tAngebote 2025\/26\t<\/h1>\n\t<p>Hier entdeckt ihr die aktuellen Reiseangebote zu Manchester United. Buche jetzt und erlebe die Magie von Old Trafford &#8211; ein Ort an dem Legenden geboren werden.<\/p>\n<p>Weitere Angebotsvarianten bzw. individuelle Angebote f\u00fcr alle Spiele gern auf Anfrage.<\/p>\n\t\t\t<a href=\"https:\/\/unitedtotravel.com\/?page_id=1166\"  target=\"_self\">\n\t\t\t\t\t\t\tSpielplan\n\t\t\t\t\t<\/a>\n\t\t\t<a href=\"mailto:office@unitedtotravel.com?subject=Anfrage&#038;body=Bitte%20um%20ein%20Angebot%20f\u00fcr%20das%20Spiel:%0A%0AName:%0AAdresse:%0APersonenanzahl:%0AAnzahl%20der%20N\u00e4chte:%0AAnreisedatum:%0ADoppelzimmer\/Einzelzimmer:%0AFlug%20(ja%20ab\/nein):%0A%0AVielen%20Dank!\"  target=\"_self\">\n\t\t\t\t\t\t\tAnfrage\n\t\t\t\t\t<\/a>\n<h2>\n\t\t\taktuelle Angebote f\u00fcr die Premier League Saison 2025\/26:\t<\/h2>\n\t<p><strong>Premier League: 32. Spieltag: United vs Leeds United \/ Old Trafford, Montag, 13.04.2026<\/strong><\/p>\n<figure data-animation-delay=\"0\" data-animation-duration=\"1\" itemscope itemtype=\"https:\/\/schema.org\/ImageObject\">\n\t\t\t\t<a href=\"mailto:office@unitedtotravel.com?subject=Buchung%20f\u00fcr%20das%20Spiel%20gegen%20Leeds%20United&#038;body=Bitte%20um%20folgende%20Buchung%20f\u00fcr%20das%20Heimspiel%20gegen%20Leeds%20United:%0A%0AName:%0AAdresse:%0APersonenanzahl:%0AAnzahl%20der%20N\u00e4chte:%0AAnreisedatum:%0ADoppelzimmer\/Einzelzimmer:%0AFlug%20(ja%20ab%20Wien\/M\u00fcnchen;%20nein):%0A%0AVielen%20Dank!\"  target=\"_self\" itemprop=\"url\">\n\t\t\t\t<img decoding=\"async\" src=\"https:\/\/unitedtotravel.com\/wp-content\/uploads\/2026\/03\/Angebot-Leeds.png\" alt=\"Angebot Leeds\" height=\"1080\" width=\"1080\" title=\"Angebot Leeds\" onerror=\"this.style.display='none'\" loading=\"lazy\" \/>\n\t\t\t\t<\/a>\n\t<\/figure>\n\t<p><strong>Alle Buchungsm\u00f6glichkeiten f\u00fcr das Heimspiel gegen Leeds United:<\/strong><\/p>\n<p>Die ersichtlichen Varianten beinhalten neben Flug, Ticket und Hotel auch eine Reisebegleitung vor Ort, welche f\u00fcr Fragen und Tipps als Ansprechpartner dient.<\/p>\n<p>&nbsp;<\/p>\n<p>Es sind auch alle anderen Flugh\u00e4fen oder zus\u00e4tzliche N\u00e4chte auf Anfrage m\u00f6glich!<\/p>\n<p>&nbsp;<\/p>\n\t<p><strong>Premier League: 34. Spieltag: United vs Brentford \/ Old Trafford, Montag, 27.04.2026<\/strong><\/p>\n<figure data-animation-delay=\"0\" data-animation-duration=\"1\" itemscope itemtype=\"https:\/\/schema.org\/ImageObject\">\n\t\t\t\t<a href=\"mailto:office@unitedtotravel.com?subject=Buchung%20f\u00fcr%20das%20Spiel%20gegen%20Brentford&#038;body=Bitte%20um%20folgende%20Buchung%20f\u00fcr%20das%20Heimspiel%20gegen%20Brentford:%0A%0AName:%0AAdresse:%0APersonenanzahl:%0AAnzahl%20der%20N\u00e4chte:%0AAnreisedatum:%0ADoppelzimmer\/Einzelzimmer:%0AFlug%20(ja%20ab%20Wien\/M\u00fcnchen;%20nein):%0A%0AVielen%20Dank!\"  target=\"_self\" itemprop=\"url\">\n\t\t\t\t<img decoding=\"async\" src=\"https:\/\/unitedtotravel.com\/wp-content\/uploads\/2026\/03\/Angebot-Brentford.png\" alt=\"Angebot Brentford\" height=\"1080\" width=\"1080\" title=\"Angebot Brentford\" onerror=\"this.style.display='none'\" loading=\"lazy\" \/>\n\t\t\t\t<\/a>\n\t<\/figure>\n\t<p><strong>Alle Buchungsm\u00f6glichkeiten f\u00fcr das Heimspiel gegen Brentford:<\/strong><\/p>\n<p>Die ersichtlichen Varianten beinhalten neben Flug, Ticket und Hotel auch eine Reisebegleitung vor Ort, welche f\u00fcr Fragen und Tipps als Ansprechpartner dient.<\/p>\n<p>&nbsp;<\/p>\n<p>Es sind auch alle anderen Flugh\u00e4fen oder zus\u00e4tzliche N\u00e4chte auf Anfrage m\u00f6glich!<\/p>\n<p>&nbsp;<\/p>\n\t<p><strong>Premier League: 35. Spieltag: United vs Liverpool \/ Old Trafford, Sonntag, 03.05.2026<\/strong><\/p>\n<figure data-animation-delay=\"0\" data-animation-duration=\"1\" itemscope itemtype=\"https:\/\/schema.org\/ImageObject\">\n\t\t\t\t<a href=\"mailto:office@unitedtotravel.com?subject=Buchung%20f\u00fcr%20das%20Spiel%20gegen%20Liverpool&#038;body=Bitte%20um%20folgende%20Buchung%20f\u00fcr%20das%20Heimspiel%20gegen%20Liverpool:%0A%0AName:%0AAdresse:%0APersonenanzahl:%0AAnzahl%20der%20N\u00e4chte:%0AAnreisedatum:%0ADoppelzimmer\/Einzelzimmer:%0AFlug%20(ja%20ab%20Wien\/M\u00fcnchen;%20nein):%0A%0AVielen%20Dank!\"  target=\"_self\" itemprop=\"url\">\n\t\t\t\t<img decoding=\"async\" src=\"https:\/\/unitedtotravel.com\/wp-content\/uploads\/2026\/03\/UnitedvsLiverpool.png\" alt=\"UnitedvsLiverpool\" height=\"1080\" width=\"1080\" title=\"UnitedvsLiverpool\" onerror=\"this.style.display='none'\" loading=\"lazy\" \/>\n\t\t\t\t<\/a>\n\t<\/figure>\n\t<p><strong>Alle Buchungsm\u00f6glichkeiten f\u00fcr das Heimspiel gegen Liverpool:<\/strong><\/p>\n<p>Die ersichtlichen Varianten beinhalten neben Flug, Ticket und Hotel auch eine Reisebegleitung vor Ort, welche f\u00fcr Fragen und Tipps als Ansprechpartner dient.<\/p>\n<p>&nbsp;<\/p>\n<p>Es sind auch alle anderen Flugh\u00e4fen oder zus\u00e4tzliche N\u00e4chte auf Anfrage m\u00f6glich!<\/p>\n<p>&nbsp;<\/p>\n\t<strong>All unseren Angeboten liegen folgende Allgemeine Reisebedingungen zu Grunde: <a href=\"https:\/\/unitedtotravel.com\/?page_id=548\">ARB_UTT<\/a><\/strong><br \/>\n<strong>Einzelzimmerzuschlag \u20ac 80,-\/Nacht<\/strong>\n<strong>Wir empfehlen eine Reiseversicherung bei unserem Partner der Europ\u00e4ischen Reiseversicherung:<\/strong><br \/>\n<strong><a href=\"https:\/\/www.europaeische.at\/?languageCode=DE&amp;systemChannelCode=SLK&amp;systemEntryPoint=start&amp;agencyNumber=512384\">HIER FINDET IHR ALLE INFORMATIONEN<\/a><\/strong>\n\n","protected":false},"excerpt":{"rendered":"<p>Angebote 2025\/26 Hier entdeckt ihr die aktuellen Reiseangebote zu Manchester United. Buche jetzt und erlebe die Magie von Old Trafford &#8211; ein Ort an dem Legenden geboren werden. Weitere Angebotsvarianten bzw. individuelle Angebote f\u00fcr alle Spiele gern auf Anfrage. Spielplan Anfrage aktuelle Angebote f\u00fcr die Premier League Saison 2025\/26: Premier League: 32. Spieltag: United vs&hellip;&nbsp;<a href=\"https:\/\/unitedtotravel.com\/?page_id=1178\" rel=\"bookmark\">Weiterlesen &raquo;<span class=\"screen-reader-text\">ANGEBOTE<\/span><\/a><\/p>\n","protected":false},"author":1,"featured_media":0,"parent":0,"menu_order":0,"comment_status":"closed","ping_status":"closed","template":"","meta":{"om_disable_all_campaigns":false,"_monsterinsights_skip_tracking":false,"_monsterinsights_sitenote_active":false,"_monsterinsights_sitenote_note":"","_monsterinsights_sitenote_category":0,"_uf_show_specific_survey":0,"_uf_disable_surveys":false,"neve_meta_sidebar":"","neve_meta_container":"","neve_meta_enable_content_width":"","neve_meta_content_width":0,"neve_meta_title_alignment":"","neve_meta_author_avatar":"","neve_post_elements_order":"","neve_meta_disable_header":"","neve_meta_disable_footer":"","neve_meta_disable_title":"","footnotes":""},"class_list":["post-1178","page","type-page","status-publish","hentry"],"aioseo_notices":[],"_links":{"self":[{"href":"https:\/\/unitedtotravel.com\/index.php?rest_route=\/wp\/v2\/pages\/1178","targetHints":{"allow":["GET"]}}],"collection":[{"href":"https:\/\/unitedtotravel.com\/index.php?rest_route=\/wp\/v2\/pages"}],"about":[{"href":"https:\/\/unitedtotravel.com\/index.php?rest_route=\/wp\/v2\/types\/page"}],"author":[{"embeddable":true,"href":"https:\/\/unitedtotravel.com\/index.php?rest_route=\/wp\/v2\/users\/1"}],"replies":[{"embeddable":true,"href":"https:\/\/unitedtotravel.com\/index.php?rest_route=%2Fwp%2Fv2%2Fcomments&post=1178"}],"version-history":[{"count":11,"href":"https:\/\/unitedtotravel.com\/index.php?rest_route=\/wp\/v2\/pages\/1178\/revisions"}],"predecessor-version":[{"id":2130,"href":"https:\/\/unitedtotravel.com\/index.php?rest_route=\/wp\/v2\/pages\/1178\/revisions\/2130"}],"wp:attachment":[{"href":"https:\/\/unitedtotravel.com\/index.php?rest_route=%2Fwp%2Fv2%2Fmedia&parent=1178"}],"curies":[{"name":"wp","href":"https:\/\/api.w.org\/{rel}","templated":true}]}}