{"id":1157,"date":"2024-02-25T08:00:01","date_gmt":"2024-02-25T08:00:01","guid":{"rendered":"https:\/\/unitedtotravel.com\/?page_id=1157"},"modified":"2025-06-26T21:08:25","modified_gmt":"2025-06-26T21:08:25","slug":"united-trips","status":"publish","type":"page","link":"https:\/\/unitedtotravel.com\/?page_id=1157","title":{"rendered":"UNITED TRIPS"},"content":{"rendered":"\n<h1>\n\t\tDu bist auf der Suche nach einer rundum-sorglos Fu\u00dfballreise?\n\t<\/h1>\n\t<p>Bei United to Travel bist du genau richtig. Folgende Pakete sind bei uns buchbar:<\/p>\n\t\t\t\t<img loading=\"lazy\" decoding=\"async\" src=\"https:\/\/unitedtotravel.com\/wp-content\/uploads\/2024\/02\/Design-ohne-Titel.png\" alt=\"Design ohne Titel\" itemprop=\"image\" height=\"1536\" width=\"2048\" title=\"Design ohne Titel\" onerror=\"this.style.display='none'\"  \/>\n<h2>\n\t\tUNITED TRIP 1\n\t<\/h2>\n\t<ul>\n<li>\u00dcbernachtung im 3* Hotel inkl. Fr\u00fchst\u00fcck<\/li>\n<li>Matchticket f\u00fcr ein Heimspiel von Manchester United &amp; Reisebegleitung vor Ort\u00a0<\/li>\n<li>Flug (Wien\/M\u00fcnchen werden standardm\u00e4\u00dfig angeboten &#8211; alle anderen Flughafen auf Anfrage)<\/li>\n<\/ul>\n\t\t\t<a href=\"https:\/\/unitedtotravel.com\/?page_id=1166\" target=\"_self\">\n\t\t\t\t\t\t\tSpielplan\n\t\t\t\t\t<\/a>\n<h2>\n\t\tUNITED TRIP 2\n\t<\/h2>\n\t<ul>\n<li>\u00dcbernachtung im 3* Hotel inkl. Fr\u00fchst\u00fcck<\/li>\n<li>Matchticket f\u00fcr ein Heimspiel von Manchester United &amp; Reisebegleitung vor Ort\u00a0<\/li>\n<\/ul>\n\t\t\t<a href=\"https:\/\/unitedtotravel.com\/?page_id=1166\" target=\"_self\">\n\t\t\t\t\t\t\tSpielplan\n\t\t\t\t\t<\/a>\n\t\t\t\t<img loading=\"lazy\" decoding=\"async\" src=\"https:\/\/unitedtotravel.com\/wp-content\/uploads\/2023\/05\/thumbnail_1EB91A80-5128-42FF-841B-D08438457B40-e1683300641973.jpg\" alt=\"thumbnail_1EB91A80-5128-42FF-841B-D08438457B40\" itemprop=\"image\" height=\"1280\" width=\"1142\" title=\"thumbnail_1EB91A80-5128-42FF-841B-D08438457B40\" onerror=\"this.style.display='none'\"  \/>\n<h2>\n\t\tAll unsere Pakete beinhalten:\n\t<\/h2>\n\t<p>Wir bieten euch mehr als nur das Ticket ins Old Trafford. Bei uns im Paket inkludiert sind neben Ticket, Hotel und Flug, als besonderer Service, ein ortskundiger Kenner der Szene als Reisebegleitung und Ansprechperson vor Ort.\u00a0<\/p>\n\t<p>Alle sind willkommen &#8211; bei United to Travel bekommst du eine Rundumbetreuung und auf Wunsch verraten wir auch unsere Geheimtipps f\u00fcr Pubs mit guter Atmosph\u00e4re oder Restaurants mit Flair.\u00a0<\/p>\n\t<p>Manchester United ist einer der gr\u00f6\u00dften und popul\u00e4rsten Clubs der Welt. Mit den exklusiven Tickets bist du hautnah bei den Spielen dabei und kannst die unglaubliche Atmosph\u00e4re im &#8222;Theatre of dreams&#8220; live erleben. Ein Besuch im Old Trafford ist nicht nur ein Fu\u00dfballspiel, sondern ein ERLEBNIS, das die Geschichte und Tradition von Manchester United einf\u00e4ngt.\u00a0 Egal ob man ein lebenslanger Fan von United ist, oder einfach nur Fu\u00dfball liebt, ein Spiel im Old Trafford schafft unvergessliche Erinnerungen. Es ist ein Must-See f\u00fcr jeden Fu\u00dfballfan, der den Zauber eines der legend\u00e4rsten Stadien der Welt erleben m\u00f6chte.<\/p>\n\t\t\t\t<img loading=\"lazy\" decoding=\"async\" src=\"https:\/\/unitedtotravel.com\/wp-content\/uploads\/2024\/02\/goodison-Park.png\" alt=\"goodison Park\" itemprop=\"image\" height=\"1536\" width=\"2048\" title=\"goodison Park\" onerror=\"this.style.display='none'\"  \/>\n<h2>\n\t\tBUCHBARE ZUSATZLEISTUNGEN\n\t<\/h2>\n\t<ul>\n<li>Stadiontour im Old Trafford \u20ac 50,-\/ Person<\/li>\n<li>weitere Fu\u00dfballspiele von der Premier League bis 5. Liga\u00a0<\/li>\n<li>zb Heimspiele von Everton, Burnley, Salford City \u00a0<\/li>\n<li>gef\u00fchrte Pub Tour &#8211; ohne Aufpreis<\/li>\n<\/ul>\n\t\t\t<a href=\"mailto:office@unitedtotravel.com?subject=Anfrage&#038;body=Bitte%20um%20ein%20Angebot%20f\u00fcr%20das%20Spiel:%0A%0AName:%0AAdresse:%0APersonenanzahl:%0AAnzahl%20der%20N\u00e4chte:%0AAnreisedatum:%0ADoppelzimmer\/Einzelzimmer:%0AFlug%20(ja%20ab\/nein):%0A%0AVielen%20Dank!\" target=\"_self\">\n\t\t\t\t\t\t\tAnfragen\n\t\t\t\t\t<\/a>\n<h2>\n\t\tAUF DER SUCHE NACH EINER GESCHENKIDEE  F\u00dcR JEDEN FUSSBALLFAN?\n\t<\/h2>\n\t<p>Kommt immer gut an &#8211; der REISEGUTSCHEIN von United to Travel!!<\/p>\n<p>Ganz einfach hier bestellen.<\/p>\n\t\t\t<a href=\"mailto:office@unitedtotravel.com?subject=Gutscheinbestellung&#038;body=Bitte%20um%20einen%20Gutschein%20im%20Wert%20von%20\u20ac%0A%0AName:%0AAdresse:%0A%0AVielen%20Dank!\" target=\"_self\">\n\t\t\t\t\t\t\tGutschein\n\t\t\t<\/a>\n\t\t\t\t<img loading=\"lazy\" decoding=\"async\" src=\"https:\/\/unitedtotravel.com\/wp-content\/uploads\/2024\/02\/Bild-GUtschein-fuer-HP.png\" alt=\"Bild GUtschein f\u00fcr HP\" itemprop=\"image\" height=\"1080\" width=\"1080\" title=\"Bild GUtschein f\u00fcr HP\" onerror=\"this.style.display='none'\"  \/>\n\t\t\t\t<img loading=\"lazy\" decoding=\"async\" src=\"https:\/\/unitedtotravel.com\/wp-content\/uploads\/2024\/02\/IMG-20240114-WA0001.jpg\" alt=\"United to Travel - Fu\u00dfballreisen zu Manchester United - Reiseleiter - zus\u00e4tzliches Fu\u00dfballspiel \" itemprop=\"image\" height=\"768\" width=\"1024\" title=\"Fu\u00dfballreisen zu Manchester United - Premier League - United to Travel - Reiseleiter\" onerror=\"this.style.display='none'\"  \/>\n<h2>\n\t\tJETZT NEU UND AB SOFORT ERH\u00c4LTLICH:\n\t<\/h2>\n\t<ul>\n<li><strong><em>ALL-IN-REISEPAKETE<\/em><em><strong>\u00a0<\/strong><\/em><br \/>\n<\/strong>auch <strong>\u00a0f\u00fcr Heimspiele von Manchester City, Everton und Liverpool<\/strong> verf\u00fcgbar &#8211; einfach anfragen!!<br \/>\n<br \/>\nErlebe Fussballreisen nach LIVERPOOL &#8211; den amtierenden Meister an der Anfield Road oder den FC Everton im brandneuen HILL\u00a0 DICKINSON Stadion: jetzt auch im Komplettpaket mit Flug, Hotel und Ticket zum Top &#8211; Preis!!! Buchbar ab sofort!\nKomplettpakete auch f\u00fcr Manchester City\u00a0 erh\u00e4ltlich! Erelbe die Startruppe von Pep Guardiola im Etihad Stadion live mit United to Travel!<\/li>\n<li><strong><em>VIP\/HOSPITALITY TICKETS\u00a0<\/em><\/strong><br \/>\nf\u00fcr ALLE Premier League CLUBS verf\u00fcgbar.<br \/>\nEgal welches Spiel &#8211; United to Travel plant deinen Trip.<\/li>\n<\/ul>\n\t\t\t<a href=\"mailto:office@unitedtotravel.com?subject=Anfrage&#038;body=Bitte%20um%20ein%20Angebot%20f\u00fcr%20das%20Spiel:%0A%0AName:%0AAdresse:%0APersonenanzahl:%0AAnzahl%20der%20N\u00e4chte:%0AAnreisedatum:%0ADoppelzimmer\/Einzelzimmer:%0AFlug%20(ja%20ab\/nein):%0A%0AVielen%20Dank!\" target=\"_self\">\n\t\t\t\t\t\t\tAnfragen\n\t\t\t\t\t<\/a>\n\n","protected":false},"excerpt":{"rendered":"<p>Du bist auf der Suche nach einer rundum-sorglos Fu\u00dfballreise? Bei United to Travel bist du genau richtig. Folgende Pakete sind bei uns buchbar: UNITED TRIP 1 \u00dcbernachtung im 3* Hotel inkl. Fr\u00fchst\u00fcck Matchticket f\u00fcr ein Heimspiel von Manchester United &amp; Reisebegleitung vor Ort\u00a0 Flug (Wien\/M\u00fcnchen werden standardm\u00e4\u00dfig angeboten &#8211; alle anderen Flughafen auf Anfrage) Spielplan&hellip;&nbsp;<a href=\"https:\/\/unitedtotravel.com\/?page_id=1157\" rel=\"bookmark\">Weiterlesen &raquo;<span class=\"screen-reader-text\">UNITED TRIPS<\/span><\/a><\/p>\n","protected":false},"author":1,"featured_media":0,"parent":0,"menu_order":0,"comment_status":"closed","ping_status":"closed","template":"","meta":{"om_disable_all_campaigns":false,"_monsterinsights_skip_tracking":false,"_monsterinsights_sitenote_active":false,"_monsterinsights_sitenote_note":"","_monsterinsights_sitenote_category":0,"_uf_show_specific_survey":0,"_uf_disable_surveys":false,"neve_meta_sidebar":"","neve_meta_container":"","neve_meta_enable_content_width":"","neve_meta_content_width":0,"neve_meta_title_alignment":"","neve_meta_author_avatar":"","neve_post_elements_order":"","neve_meta_disable_header":"","neve_meta_disable_footer":"","neve_meta_disable_title":"","footnotes":""},"class_list":["post-1157","page","type-page","status-publish","hentry"],"aioseo_notices":[],"_links":{"self":[{"href":"https:\/\/unitedtotravel.com\/index.php?rest_route=\/wp\/v2\/pages\/1157","targetHints":{"allow":["GET"]}}],"collection":[{"href":"https:\/\/unitedtotravel.com\/index.php?rest_route=\/wp\/v2\/pages"}],"about":[{"href":"https:\/\/unitedtotravel.com\/index.php?rest_route=\/wp\/v2\/types\/page"}],"author":[{"embeddable":true,"href":"https:\/\/unitedtotravel.com\/index.php?rest_route=\/wp\/v2\/users\/1"}],"replies":[{"embeddable":true,"href":"https:\/\/unitedtotravel.com\/index.php?rest_route=%2Fwp%2Fv2%2Fcomments&post=1157"}],"version-history":[{"count":55,"href":"https:\/\/unitedtotravel.com\/index.php?rest_route=\/wp\/v2\/pages\/1157\/revisions"}],"predecessor-version":[{"id":2021,"href":"https:\/\/unitedtotravel.com\/index.php?rest_route=\/wp\/v2\/pages\/1157\/revisions\/2021"}],"wp:attachment":[{"href":"https:\/\/unitedtotravel.com\/index.php?rest_route=%2Fwp%2Fv2%2Fmedia&parent=1157"}],"curies":[{"name":"wp","href":"https:\/\/api.w.org\/{rel}","templated":true}]}}