{"id":1137,"date":"2024-02-24T20:27:26","date_gmt":"2024-02-24T20:27:26","guid":{"rendered":"https:\/\/unitedtotravel.com\/?page_id=1137"},"modified":"2026-03-04T20:27:51","modified_gmt":"2026-03-04T20:27:51","slug":"startseite-2-3","status":"publish","type":"page","link":"https:\/\/unitedtotravel.com\/","title":{"rendered":"STARTSEITE"},"content":{"rendered":"\n<h1>\n\t\t\tfussballreisen &#8211; premier league  &#8211; manchester united\t<\/h1>\n\t<h2>&#8222;DIE&#8220; Adresse f\u00fcr <a href=\"https:\/\/unitedtotravel.com\/?page_id=1157\">Fu\u00dfballreisen<\/a> zu Manchester United ins Theatre of Dreams! Als exklusiven Service bieten wir euch eine pers\u00f6nliche RUNDUM-BETREUUNG vor Ort durch einen Kenner der Stadt und der Fanszene. Profitiere auch du von unserer jahrelangen Erfahrung und plane deine ma\u00dfgeschneiderte Reise mit United to Travel.<\/h2>\n<p><a href=\"https:\/\/unitedtotravel.com\/?page_id=1157\/#VIP\"><strong>VIP\/HOSPITALITY TICKETS erh\u00e4ltlich!\u00a0<\/strong><\/a><\/p>\n<p><a href=\"https:\/\/unitedtotravel.com\/?page_id=1157\/#neu-jetzt\"><strong>Ab SOFORT auch REISEPAKETE f\u00fcr LIVERPOOL, EVERTON und MANCHESTER CITY buchbar!!!!<\/strong><\/a><\/p>\n\t\t\t<a href=\"https:\/\/unitedtotravel.com\/?page_id=1178\"  target=\"_self\">\n\t\t\t\t\t\t\tTop Angebote\n\t\t\t\t\t<\/a>\n\t\t\t<a href=\"mailto:office@unitedtotravel.com\"  target=\"_self\">\n\t\t\t\t\t\t\tKONTAKT\n\t\t\t\t\t<\/a>\n\t<p><strong>WICHTIGE INFO<\/strong><\/p>\n<p>Hier findest du die <a href=\"https:\/\/www.bmeia.gv.at\/reise-services\/reiseinformation\/land\/vereinigtes-koenigreich\">aktuell g\u00fcltigen Reiseinformationen f\u00fcr Gro\u00dfbritannien.<\/a> NEU ist, dass ab dem<strong>\u00a02.<\/strong><strong>\u00a0April 2025<\/strong> alle \u00d6sterreicherinnen und \u00d6sterreicher bzw. alle anderen B\u00fcrgerinnen und B\u00fcrger von EU-Mitgliedsstaaten f\u00fcr die Einreise ins oder den Transit durch das Vereinigte K\u00f6nigreich eine <strong>\u201eElectronic Travel Authorisation&#8220; &#8211; ETA <\/strong>ben\u00f6tigen, die <strong>ab 5. M\u00e4rz 2025 online beantragt werden kann<\/strong>. N\u00e4here Hinweise dazu <a href=\"https:\/\/www.gov.uk\/guidance\/apply-for-an-electronic-travel-authorisation-eta\">hier<\/a>.<\/p>\n<figure itemscope itemtype=\"https:\/\/schema.org\/ImageObject\">\n\t\t\t\t<a href=\"https:\/\/www.bmeia.gv.at\/reise-services\/auslandsservice\/\"  target=\"_self\" itemprop=\"url\">\n\t\t\t\t<img decoding=\"async\" src=\"https:\/\/unitedtotravel.com\/wp-content\/uploads\/2025\/01\/Unbenannt.png\" alt=\"Unbenannt\" height=\"496\" width=\"863\" title=\"Unbenannt\" onerror=\"this.style.display='none'\" loading=\"lazy\" \/>\n\t\t\t\t<\/a>\n\t<\/figure>\n<h2>\n\t\t\tAbout united to travel\t<\/h2>\n<figure data-animation-delay=\"0\" data-animation-duration=\"1\" itemscope itemtype=\"https:\/\/schema.org\/ImageObject\">\n\t\t\t\t<img decoding=\"async\" src=\"https:\/\/unitedtotravel.com\/wp-content\/uploads\/2024\/02\/Mo-mit-Kids.jpg\" alt=\"Mo mit Kids\" height=\"822\" width=\"627\" title=\"Mo mit Kids\" onerror=\"this.style.display='none'\" loading=\"lazy\" \/>\n\t<\/figure>\n\t<p>&#8222;Tr\u00e4umst du auch davon, die legend\u00e4re Atmosph\u00e4re von Old Trafford live zu erleben? Mit United to Travel wird dieser Traum zur Realit\u00e4t! Tauche ein in die Welt des Spitzenfu\u00dfballs und erlebe die geballte Energie der Heimspiele von Manchester United.<\/p>\n<p>Mein Name ist Andreas Fuchs &#8211; die meisten kennen mich als &#8222;MO&#8220; &#8211; und ich plane f\u00fcr dich eine <a href=\"https:\/\/unitedtotravel.com\/?page_id=1157\">unvergessliche Reise<\/a> bei der du nicht nur das Spiel siehst, sondern auch die pulsierende Stadt Manchester entdecken kannst. Von den lebhaften Stra\u00dfen bis zu den ikonischen Pl\u00e4tzen &#8211; ich bin pers\u00f6nlich VOR ORT und zeige dir auch gerne meine Geheimtipps f\u00fcr Pubs mit Flair und Restaurants mit guter Atmosph\u00e4re.<\/p>\n<p>Ich bin seit 25 Jahren gl\u00fchender Manchester United Fan und habe jahrelange Erfahrung mit der Planung von Fu\u00dfballreisen zu Manchester United.&#8220;<\/p>\n<p><em><strong>Andreas FUCHS (Gesch\u00e4ftsf\u00fchrer)<\/strong><\/em><\/p>\n<h2>\n\t\t\tBilder sagen mehr als worte&#8230;\t<\/h2>\n<figure data-animation-delay=\"0\" data-animation-duration=\"1\" itemscope itemtype=\"https:\/\/schema.org\/ImageObject\">\n\t\t\t\t<img decoding=\"async\" src=\"https:\/\/unitedtotravel.com\/wp-content\/uploads\/2024\/02\/IMG-20230826-WA00091.jpg\" alt=\"IMG-20230826-WA00091\" height=\"768\" width=\"868\" title=\"IMG-20230826-WA00091\" onerror=\"this.style.display='none'\" loading=\"lazy\" \/>\n\t<\/figure>\n<figure data-animation-delay=\"0\" data-animation-duration=\"1\" itemscope itemtype=\"https:\/\/schema.org\/ImageObject\">\n\t\t\t\t<img decoding=\"async\" src=\"https:\/\/unitedtotravel.com\/wp-content\/uploads\/2024\/02\/IMG-20230826-WA0033.jpg\" alt=\"IMG-20230826-WA0033\" height=\"1536\" width=\"2048\" title=\"IMG-20230826-WA0033\" onerror=\"this.style.display='none'\" loading=\"lazy\" \/>\n\t<\/figure>\n<figure data-animation-delay=\"0\" data-animation-duration=\"1\" itemscope itemtype=\"https:\/\/schema.org\/ImageObject\">\n\t\t\t\t<img decoding=\"async\" src=\"https:\/\/unitedtotravel.com\/wp-content\/uploads\/2024\/02\/IMG-20230826-WA0029.jpg\" alt=\"IMG-20230826-WA0029\" height=\"1536\" width=\"2048\" title=\"IMG-20230826-WA0029\" onerror=\"this.style.display='none'\" loading=\"lazy\" \/>\n\t<\/figure>\n<figure data-animation-delay=\"0\" data-animation-duration=\"1\" itemscope itemtype=\"https:\/\/schema.org\/ImageObject\">\n\t\t\t\t<img decoding=\"async\" src=\"https:\/\/unitedtotravel.com\/wp-content\/uploads\/2024\/02\/IMG-20240115-WA0006.jpg\" alt=\"Fu\u00dfballreisen - United to Travel - Heimspiel - Manchester United - Old Trafford\" height=\"1536\" width=\"2048\" title=\"Fu\u00dfballreisen - United to Travel - Heimspiel - Manchester United - Old Trafford\" onerror=\"this.style.display='none'\" loading=\"lazy\" \/>\n\t<\/figure>\n<figure data-animation-delay=\"0\" data-animation-duration=\"1\" itemscope itemtype=\"https:\/\/schema.org\/ImageObject\">\n\t\t\t\t<img decoding=\"async\" src=\"https:\/\/unitedtotravel.com\/wp-content\/uploads\/2024\/02\/IMG-20240115-WA0007.jpg\" alt=\"IMG-20240115-WA0007\" height=\"1536\" width=\"2048\" title=\"IMG-20240115-WA0007\" onerror=\"this.style.display='none'\" loading=\"lazy\" \/>\n\t<\/figure>\n<figure data-animation-delay=\"0\" data-animation-duration=\"1\" itemscope itemtype=\"https:\/\/schema.org\/ImageObject\">\n\t\t\t\t<img decoding=\"async\" src=\"https:\/\/unitedtotravel.com\/wp-content\/uploads\/2024\/02\/IMG-20230815-WA0010.jpg\" alt=\"IMG-20230815-WA0010\" height=\"2048\" width=\"1536\" title=\"IMG-20230815-WA0010\" onerror=\"this.style.display='none'\" loading=\"lazy\" \/>\n\t<\/figure>\n\t<p>Erlebe DAS BESTE von Manchester mit den individuellen Fu\u00dfball-Trips zu den Heimspielen von United und unserem RUNDUM-SERVICE. Wir bieten euch <strong>All-inklusive Pakete<\/strong> bestehend aus <strong>Ticket<\/strong>, <strong>Hotel<\/strong>, <strong>Flug<\/strong> und einer <strong>pers\u00f6nlichen Betreuung<\/strong> vor Ort. Bei uns ist alles m\u00f6glich &#8211; auf Anfrage bieten wir auch alle Abflugh\u00e4fen an.<\/p>\n<p><strong>Ab sofort erh\u00e4ltlich: VIP\/HOSPITALITY TICKETS.\u00a0 <\/strong>Mache deinen Trip ins Old Trafford zu etwas ganz Besonderem mit den<a href=\"https:\/\/www.manutd.com\/en\/Matchday-Hospitality\/Suites\"> <strong>VIP PACKAGES <\/strong>von Manchester United<\/a>. Die zahlreichen Zusatzleistungen dieser Tickets erkl\u00e4re ich dir gern pers\u00f6nlich &#8211; einfach kontaktieren!<\/p>\n<p>Buche noch heute eine unserer Fu\u00dfballreisen zu Manchester United mit United to Travel und werde ein Teil der Geschichte des Clubs.<\/p>\n<p>Die Premier League Heimspiele von United 2024\/2025 findet ihr \u00fcbersichtlich beim Spielplan. F\u00fcr n\u00e4here Details, Fragen oder weitere Infos &#8211; nicht z\u00f6gern &#8211; einfach kontaktieren (<a href=\"mailto:office@unitedtotravel.com\">office@unitedtotravel.com<\/a>)!\u00a0 Wir sind gerne f\u00fcr euch da!<\/p>\n<p><strong>IT&#8217;S NOT JUST A CLUB. IT&#8217;S A WAY OF LIFE<\/strong><\/p>\n\t\t\t<a href=\"https:\/\/unitedtotravel.com\/?page_id=1157\"  target=\"_self\">\n\t\t\t\t\t\t\tUNITED TRIPS\n\t\t\t\t\t<\/a>\n\t\t\t<a href=\"https:\/\/unitedtotravel.com\/?page_id=1166\"  target=\"_self\">\n\t\t\t\t\t\t\tAktueller Spielplan\n\t\t\t\t\t<\/a>\n\t<p>&nbsp;<\/p>\n<p>Wir empfehlen eine Reiseversicherung bei unserem Partner der Europ\u00e4ischen Reiseversicherung. <a href=\"https:\/\/www.europaeische.at?languageCode=DE&amp;systemChannelCode=SLK&amp;systemEntryPoint=start&amp;agencyNumber=512384\">Hier findet ihr alle Informationen.<\/a><\/p>\n<h2>\n\t\t\tKundenfeedback\t<\/h2>\n<figure data-animation-delay=\"0\" data-animation-duration=\"1\" itemscope itemtype=\"https:\/\/schema.org\/ImageObject\">\n\t\t\t\t<img decoding=\"async\" src=\"https:\/\/unitedtotravel.com\/wp-content\/uploads\/2023\/05\/IMG_20181228_004104_044-e1683901139438.jpg\" alt=\"IMG_20181228_004104_044\" height=\"202\" width=\"218\" title=\"IMG_20181228_004104_044\" onerror=\"this.style.display='none'\" loading=\"lazy\" \/>\n\t<\/figure>\n\t<p><strong>Christian B. aus Paderborn<\/strong><\/p>\n<p><em>&#8222;Als langj\u00e4hriger Manchester United Fan hat United to Travel es mir erm\u00f6glicht, meinen Kindheitstraum &#8211; ein Spiel von United im Old Trafford &#8211; zu verwirklichen. Es war der sch\u00f6nste Moment in meinem Leben.&#8220;<\/em><\/p>\n<figure data-animation-delay=\"0\" data-animation-duration=\"1\" itemscope itemtype=\"https:\/\/schema.org\/ImageObject\">\n\t\t\t\t<img decoding=\"async\" src=\"https:\/\/unitedtotravel.com\/wp-content\/uploads\/2023\/05\/image-1.png\" alt=\"image-1\" height=\"764\" width=\"764\" title=\"image-1\" onerror=\"this.style.display='none'\" loading=\"lazy\" \/>\n\t<\/figure>\n\t<p><strong>Alessio R. aus der Schweiz<\/strong><\/p>\n<p><em>&#8222;Der durch Mo organisierte Trip nach Manchester war einfach nur gro\u00dfartig. Durch seine langj\u00e4hrige Erfahrung konnte die Stadt und das Fu\u00dfballerlebnis von seiner sch\u00f6nsten Seite genossen werden und man musste sich keine Gedanken um das Organisatorische machen. Definitiv eine Empfehlung f\u00fcr jeden Fu\u00dfballfan.&#8220;<\/em><\/p>\n<figure data-animation-delay=\"0\" data-animation-duration=\"1\" itemscope itemtype=\"https:\/\/schema.org\/ImageObject\">\n\t\t\t\t<img decoding=\"async\" src=\"https:\/\/unitedtotravel.com\/wp-content\/uploads\/2023\/05\/thumbnail_998d2f03-5759-4054-b099-5b688fd8edb2-1.jpg\" alt=\"thumbnail_998d2f03-5759-4054-b099-5b688fd8edb2-1\" height=\"595\" width=\"596\" title=\"thumbnail_998d2f03-5759-4054-b099-5b688fd8edb2-1\" onerror=\"this.style.display='none'\" loading=\"lazy\" \/>\n\t<\/figure>\n\t<p><strong>Alexander R. aus der Kollerschlag<\/strong><\/p>\n<p><em>&#8222;Es war so mega cool. Ich als jahrelanger Manchester United Fan wollte immer mal im Old Trafford sein. Danke Mo f\u00fcr diese Gelegenheit.&#8220;<\/em><\/p>\n\t<p>HIER FINDET IHR UNS IN DEN SOZIALEN KAN\u00c4LEN<\/p>\n\t\t\t<a href=\"https:\/\/www.instagram.com\/unitedtotravel\/\"  target=\"_self\">\n\t\t\t\t\t\t\t<\/a>\n\t\t\t<a href=\"https:\/\/www.facebook.com\/profile.php?id=100092235385176\"  target=\"_self\">\n\t\t\t\t\t\t\t<\/a>\n\n","protected":false},"excerpt":{"rendered":"<p>fussballreisen &#8211; premier league &#8211; manchester united &#8222;DIE&#8220; Adresse f\u00fcr Fu\u00dfballreisen zu Manchester United ins Theatre of Dreams! Als exklusiven Service bieten wir euch eine pers\u00f6nliche RUNDUM-BETREUUNG vor Ort durch einen Kenner der Stadt und der Fanszene. Profitiere auch du von unserer jahrelangen Erfahrung und plane deine ma\u00dfgeschneiderte Reise mit United to Travel. VIP\/HOSPITALITY TICKETS&hellip;&nbsp;<a href=\"https:\/\/unitedtotravel.com\/\" rel=\"bookmark\">Weiterlesen &raquo;<span class=\"screen-reader-text\">STARTSEITE<\/span><\/a><\/p>\n","protected":false},"author":1,"featured_media":0,"parent":0,"menu_order":0,"comment_status":"closed","ping_status":"closed","template":"","meta":{"om_disable_all_campaigns":false,"_monsterinsights_skip_tracking":false,"_monsterinsights_sitenote_active":false,"_monsterinsights_sitenote_note":"","_monsterinsights_sitenote_category":0,"_uf_show_specific_survey":0,"_uf_disable_surveys":false,"neve_meta_sidebar":"","neve_meta_container":"","neve_meta_enable_content_width":"","neve_meta_content_width":0,"neve_meta_title_alignment":"","neve_meta_author_avatar":"","neve_post_elements_order":"","neve_meta_disable_header":"","neve_meta_disable_footer":"","neve_meta_disable_title":"","footnotes":""},"class_list":["post-1137","page","type-page","status-publish","hentry"],"aioseo_notices":[],"_links":{"self":[{"href":"https:\/\/unitedtotravel.com\/index.php?rest_route=\/wp\/v2\/pages\/1137","targetHints":{"allow":["GET"]}}],"collection":[{"href":"https:\/\/unitedtotravel.com\/index.php?rest_route=\/wp\/v2\/pages"}],"about":[{"href":"https:\/\/unitedtotravel.com\/index.php?rest_route=\/wp\/v2\/types\/page"}],"author":[{"embeddable":true,"href":"https:\/\/unitedtotravel.com\/index.php?rest_route=\/wp\/v2\/users\/1"}],"replies":[{"embeddable":true,"href":"https:\/\/unitedtotravel.com\/index.php?rest_route=%2Fwp%2Fv2%2Fcomments&post=1137"}],"version-history":[{"count":117,"href":"https:\/\/unitedtotravel.com\/index.php?rest_route=\/wp\/v2\/pages\/1137\/revisions"}],"predecessor-version":[{"id":2024,"href":"https:\/\/unitedtotravel.com\/index.php?rest_route=\/wp\/v2\/pages\/1137\/revisions\/2024"}],"wp:attachment":[{"href":"https:\/\/unitedtotravel.com\/index.php?rest_route=%2Fwp%2Fv2%2Fmedia&parent=1137"}],"curies":[{"name":"wp","href":"https:\/\/api.w.org\/{rel}","templated":true}]}}